{"id":174,"date":"2018-08-14T17:23:44","date_gmt":"2018-08-14T15:23:44","guid":{"rendered":"https:\/\/mkr.itrichter.de\/?page_id=174"},"modified":"2018-08-14T17:23:44","modified_gmt":"2018-08-14T15:23:44","slug":"dse","status":"publish","type":"page","link":"https:\/\/blog.politikfabrik.org\/?page_id=174","title":{"rendered":"Datenschutzerkl\u00e4rung"},"content":{"rendered":"<p>Wir freuen uns \u00fcber Ihren Besuch auf unserer Webseite. Der Schutz Ihrer Daten ist uns ein besonderes Anliegen. Wir werden Ihre Daten stets nur im Rahmen der Grenzen des Bundesdatenschutzgesetzes und der Datenschutz-Grundverordnung verwenden. Falls Sie durch einen Link auf eine andere Website gelangen, dann nutzen Sie bitte die dortigen Informationen zum Datenschutz. Auf die Datenschutzpraxis der anderen Seitenbetreiber haben wir keinen Einfluss.<\/p>\n<p>Verantwortlich f\u00fcr die Verarbeitung Ihrer personenbezogenen Daten ist:<\/p>\n<p>Dr. M. K. Ramaswamy<br \/>\nReinh\u00e4user Landstr. 4<br \/>\n37083 G\u00f6ttingen<\/p>\n<p>Telefon 0151 1842 1667<\/p>\n<p>INHALT :<\/p>\n<p>1. Ihre Rechte<\/p>\n<p>2. Datenerhebung und -verarbeitung bei Besuch unserer Website<\/p>\n<p>3. Informationen \u00fcber Cookies<\/p>\n<p>4. Kontaktaufnahme<\/p>\n<p>1. Ihre Rechte<\/p>\n<p>Sie haben das Recht auf Auskunft, Berichtigung, L\u00f6schung (\u201eRecht auf Vergessenwerden\u201c) und Einschr\u00e4nkung der im Folgenden n\u00e4her beschriebenen Verarbeitung Ihrer Daten im Rahmen der Art. 15- 18 DSGVO. Sie haben das Recht auf \u00dcbertragbarkeit Ihrer Daten gem\u00e4\u00df Art. 20 DSGVO. Sie haben das Recht des Widerspruchs, insbesondere gegen die Verarbeitung Ihrer Daten f\u00fcr Zwecke der Direktwerbung und gegen eine Verarbeitung, die wir aufgrund berechtigter Interessen vornehmen im Rahmen des Art. 21 DSGVO. Sie haben ferner das Recht sich bei einer Aufsichtsbeh\u00f6rde zu beschweren, f\u00fcr uns ist dies: Kontaktdaten derDatenschutzbeauftragten im Bundesland Ihrer Niederlassung<\/p>\n<p><a href=\"https:\/\/www.bfdi.bund.de\/DE\/Infothek\/Anschriften_Links\/anschriften_links-node.html\">https:\/\/www.bfdi.bund.de\/DE\/Infothek\/Anschriften_Links\/anschriften_links-node.html<\/a><\/p>\n<p>Die Landesbeauftragte f\u00fcr den Datenschutz Niedersachsen Barbara Thiel, Prinzenstra\u00dfe 5, 30159 Hannover, Telefon: +49 (0511) 120 45 00, Telefax: +49 (0511) 120 45 99, E-Mail: poststelle@lfd.niedersachsen.de.<\/p>\n<p>2. Datenerhebung- und Verarbeitung bei Besuch unserer Website<\/p>\n<p>Bei jedem Besuch auf unserer Website werden Name der abgerufenen Datei, Datum und Uhrzeit des Abrufs, \u00fcbertragene Datenmenge, Meldung \u00fcber erfolgreichen Abruf, Webbrowser, Betriebssystem, das Herkunftsland des anfragenden Systems, die Webseite, von der aus Sie auf unsere Seite gelangt sind (Referrer) und die Unterwebseiten, die Sie auf unserer Internetseite besuchen in Logfiles gespeichert.<\/p>\n<p>Diese Daten werden nicht zusammengef\u00fchrt und lassen daher keine R\u00fcckschl\u00fcsse auf bestimmte Personen zu. Zus\u00e4tzlich werden die IP Adressen der anfragenden Rechner f\u00fcr 7 Tage vollst\u00e4ndig protokolliert und danach anonymisiert gespeichert. Die Logfiles werden nach 9 Wochen gel\u00f6scht.\u00a0 Diese Daten nutzen wir zur anonymisierten statistischen Auswertung um unsere Webseite und ihre Inhalte zu optimieren und um die Funktionsf\u00e4higkeit, sowie den Schutz unserer IT-Systeme und damit den Schutz der von uns verarbeiteten Daten sicherzustellen und ggf. um den Strafverfolgungsbeh\u00f6rden im Falle von Angriffen auf unsere IT-Systeme die n\u00f6tigen Informationen zur Verf\u00fcgung stellen zu k\u00f6nnen. Dies sind unsere berechtigten Interessen im Sinne des Art. 6 Abs. 1 lit. f) DSGVO. Die Daten unserer Server-Logfiles speichern wir getrennt von ggf. anderen personenbezogenen Daten. Sie werden gel\u00f6scht, soweit diese zur Erf\u00fcllung des mit der Speicherung verfolgten Zwecks nicht mehr erforderlich sind oder wenn ihre Speicherung aus sonstigen gesetzlichen Gr\u00fcnden unzul\u00e4ssig ist.<\/p>\n<p>Die von Ihnen bei Besuch unserer Website und der Nutzung unserer Formulare (Kontaktanfrage, Registrierung, Anmeldung Kundenkonto, Suchbegriffe etc.) erhobenen Daten werden auf den Servern unseres Hostproviders in unserem Auftrag verarbeitet. Die Server befinden sich innerhalb der EU.<\/p>\n<p>Unser berechtigtes Interesse an der Nutzung dieses Dienstes im Sinne des Art. 6 Abs. 1 lit f) DSGVO ist die st\u00f6rungssichere Ausgabe und Darstellung unseres Webangebots, sowie die Wahrung der Informationssicherheit.<\/p>\n<p>3. Informationen \u00fcber Cookies<\/p>\n<p>Zur Optimierung unseres Internetauftritts setzen wir Cookies ein. Es handelt sich dabei um kleine Textdateien, die \u00fcber Ihren Browser auf Ihrem Computer gespeichert werden. Cookies enthalten eine eindeutige Kennung, die sogenannte Cookie-ID. Dies erm\u00f6glicht es den besuchten Internetseiten und Servern, den bestimmten Internetbrowser wiederzuerkennen und zuzuordnen. Dadurch k\u00f6nnen wir Ihnen einen besseren Zugang zu unserer Seite erm\u00f6glichen. Unser berechtigtes Interesse an der Nutzung von Cookies im Sinne des Art. 6 Abs. 1 lit f) DSGVO ist es die Nutzung unserer Website intuitiv zu gestalten und Ihnen den Zugang zu erleichtern. Das Speichern von Cookies k\u00f6nnen Sie verhindern, indem Sie in Ihren Browser-Einstellungen &#8222;Cookies blockieren&#8220; w\u00e4hlen. Dies kann aber eine Funktionseinschr\u00e4nkung unserer Website f\u00fcr Sie zur Folge haben. Alle g\u00e4ngigen Browser bieten Ihnen zudem M\u00f6glichkeiten zum individuellen Umgang mit Cookies. Sie k\u00f6nnen entsprechende Add-Ons installieren oder einstellen, dass nur Cookies von Drittanbietern blockiert werden, alle Cookies nach Schlie\u00dfen des Browsers gel\u00f6scht werden oder dass Webseiten generell keine Nutzeraktivit\u00e4ten verfolgen d\u00fcrfen (Do-Not-Track).<\/p>\n<p>4. Wenn Sie uns eine E-Mail schreiben,<\/p>\n<p>verarbeiten wir die dort von Ihnen freiwillig mitgeteilten personenbezogenen Daten (z.B. Ihren Name und Ihre E-Mail-Adresse) um Ihre Anfrage zu beantworten. Wir l\u00f6schen oder sperren Ihre Daten, soweit diese zur Erf\u00fcllung des mit der Speicherung verfolgten Zwecks nicht mehr erforderlich sind, wenn ihre Speicherung aus sonstigen gesetzlichen Gr\u00fcnden unzul\u00e4ssig ist oder wenn Sie Ihrerseits die L\u00f6schung oder Sperrung Ihrer Daten verlangen. Unser berechtigtes Interesse im Sinne des Art. 6 Abs. 1 lit f) DS-GVO ist es, den Besuchern unserer Website die Kontaktaufnahme zu erleichtern. Die Daten verarbeiten wir innerhalb der EU. Wir weisen darauf hin, dass bei der Kommunikation per Email die vollst\u00e4ndige Datensicherheit nicht gew\u00e4hrleistet werden kann. Bei unverschl\u00fcsselten E-Mails besteht trotz Transportverschl\u00fcsselung die M\u00f6glichkeit, dass diese von unbefugten Dritten zur Kenntnis genommen werden k\u00f6nnen.<\/p>\n<p>Wir weisen darauf hin, dass bei der Kommunikation per Email die vollst\u00e4ndige Datensicherheit nicht gew\u00e4hrleistet werden kann. Bei unverschl\u00fcsselten E-Mails besteht trotz Transportverschl\u00fcsselung die M\u00f6glichkeit, dass diese von unbefugten Dritten zur Kenntnis genommen<\/p>\n","protected":false},"excerpt":{"rendered":"<p>Wir freuen uns \u00fcber Ihren Besuch auf unserer Webseite. Der Schutz Ihrer Daten ist uns ein besonderes Anliegen. Wir werden Ihre Daten stets nur im Rahmen der Grenzen des Bundesdatenschutzgesetzes und der Datenschutz-Grundverordnung verwenden. Falls Sie durch einen Link auf eine andere Website gelangen, dann nutzen Sie bitte die dortigen Informationen zum Datenschutz. Auf die &hellip; <\/p>\n<p class=\"link-more\"><a href=\"https:\/\/blog.politikfabrik.org\/?page_id=174\" class=\"more-link\"><span class=\"screen-reader-text\">\u201eDatenschutzerkl\u00e4rung\u201c<\/span> weiterlesen<\/a><\/p>\n","protected":false},"author":1,"featured_media":0,"parent":0,"menu_order":0,"comment_status":"closed","ping_status":"closed","template":"","meta":[],"_links":{"self":[{"href":"https:\/\/blog.politikfabrik.org\/index.php?rest_route=\/wp\/v2\/pages\/174"}],"collection":[{"href":"https:\/\/blog.politikfabrik.org\/index.php?rest_route=\/wp\/v2\/pages"}],"about":[{"href":"https:\/\/blog.politikfabrik.org\/index.php?rest_route=\/wp\/v2\/types\/page"}],"author":[{"embeddable":true,"href":"https:\/\/blog.politikfabrik.org\/index.php?rest_route=\/wp\/v2\/users\/1"}],"replies":[{"embeddable":true,"href":"https:\/\/blog.politikfabrik.org\/index.php?rest_route=%2Fwp%2Fv2%2Fcomments&post=174"}],"version-history":[{"count":0,"href":"https:\/\/blog.politikfabrik.org\/index.php?rest_route=\/wp\/v2\/pages\/174\/revisions"}],"wp:attachment":[{"href":"https:\/\/blog.politikfabrik.org\/index.php?rest_route=%2Fwp%2Fv2%2Fmedia&parent=174"}],"curies":[{"name":"wp","href":"https:\/\/api.w.org\/{rel}","templated":true}]}}